{"id":82,"date":"2022-05-05T02:17:13","date_gmt":"2022-05-05T02:17:13","guid":{"rendered":"https:\/\/demo.flawlessthemes.com\/lawyerfirm\/?page_id=3"},"modified":"2023-10-18T16:57:54","modified_gmt":"2023-10-18T16:57:54","slug":"politica-cookies","status":"publish","type":"page","link":"https:\/\/cmadvogados.com\/fr\/politica-cookies\/","title":{"rendered":"Politique de Cookies"},"content":{"rendered":"<div data-elementor-type=\"wp-page\" data-elementor-id=\"82\" class=\"elementor elementor-82\">\n\t\t\t\t<div class=\"elementor-element elementor-element-793d1e06 e-flex e-con-boxed e-con e-parent\" data-id=\"793d1e06\" data-element_type=\"container\">\n\t\t\t\t\t<div class=\"e-con-inner\">\n\t\t\t\t<div class=\"elementor-element elementor-element-502aec6a elementor-widget elementor-widget-text-editor\" data-id=\"502aec6a\" data-element_type=\"widget\" data-widget_type=\"text-editor.default\">\n\t\t\t\t<div class=\"elementor-widget-container\">\n\t\t\t\t\t\t\t\t\t<p><\/p>\n<p>Comment fonctionnent les cookies ?<\/p>\n<p><\/p>\n<p><\/p>\n<p>Prop\u00f3sito de cada um dos cookies utilizados:<\/p>\n<p><\/p>\n<p><\/p>\n<p>Nous d\u00e9taillons ci-dessous les \u00ab cookies \u00bb utilis\u00e9s sur notre site Internet et la finalit\u00e9 de chacun.<\/p>\n<p><\/p>\n<p><\/p>\n<p>Liste des cookies utilis\u00e9s dans le domaine cmadvogados.com :<\/p>\n<p><\/p>\n<p><\/p>\n<p><strong>Nom <\/strong>_utma<\/p>\n<p><\/p>\n<p><\/p>\n<p><strong>Serveur \u00e0 partir duquel il est envoy\u00e9 <\/strong>cmadvogados.com<\/p>\n<p><\/p>\n<p><\/p>\n<p><strong>But <\/strong>Analytique<\/p>\n<p><\/p>\n<p><\/p>\n<p><strong>Propre<\/strong> <strong>\/ Le 3\u00e8me <\/strong>Le 3\u00e8me<\/p>\n<p><\/p>\n<p><\/p>\n<p><strong>Supprim\u00e9 \/ Non supprim\u00e9<\/strong> <strong>(droit \u00e0 l\u2019information et au consentement) <\/strong>Non<\/p>\n<p><\/p>\n<p><\/p>\n<p><strong>Nom <\/strong>_utmz<\/p>\n<p><\/p>\n<p><\/p>\n<p><strong>Serveur \u00e0 partir duquel il est envoy\u00e9 <\/strong>cmadvogados.com<\/p>\n<p><\/p>\n<p><\/p>\n<p><strong>But <\/strong>Analytique<\/p>\n<p><\/p>\n<p><\/p>\n<p><strong>Propre<\/strong> <strong>\/ Le 3\u00e8me <\/strong>Le 3\u00e8me<\/p>\n<p><\/p>\n<p><\/p>\n<p><strong>Supprim\u00e9 \/ Non supprim\u00e9<\/strong> <strong>(droit \u00e0 l\u2019information et au consentement) <\/strong>Non<\/p>\n<p><\/p>\n<p><\/p>\n<p><strong>Nom <\/strong>_ga<\/p>\n<p><\/p>\n<p><\/p>\n<p><strong>Serveur \u00e0 partir duquel il est envoy\u00e9 <\/strong>cmadvogados.com<\/p>\n<p><\/p>\n<p><\/p>\n<p><strong>But <\/strong>Analytique<\/p>\n<p><\/p>\n<p><\/p>\n<p><strong>Propre<\/strong> <strong>\/ Le 3\u00e8me <\/strong>Le 3\u00e8me<\/p>\n<p><\/p>\n<p><\/p>\n<p><strong>Supprim\u00e9 \/ Non supprim\u00e9<\/strong> <strong>(droit \u00e0 l\u2019information et au consentement) <\/strong>Non<\/p>\n<p><\/p>\n<p><\/p>\n<p><strong>Nom <\/strong>Tracking | Language | PHPSESSID<\/p>\n<p><\/p>\n<p><\/p>\n<p><strong>Serveur \u00e0 partir duquel il est envoy\u00e9 <\/strong>cmadvogados.com<\/p>\n<p><\/p>\n<p><\/p>\n<p><strong>But <\/strong>Ces cookies contiennent des informations sur la langue du site Web dans son ensemble et contribuent \u00e0 am\u00e9liorer l'exp\u00e9rience utilisateur. Aucune information personnelle n'est stock\u00e9e dans ces cookies.<\/p>\n<p><\/p>\n<p><\/p>\n<p><strong>Propre<\/strong> <strong>\/ Le 3\u00e8me <\/strong>Propre<\/p>\n<p><\/p>\n<p><\/p>\n<p><strong>Supprim\u00e9 \/ Non supprim\u00e9<\/strong> <strong>(droit \u00e0 l\u2019information et au consentement) <\/strong>Non<\/p>\n<p><\/p>\n<p><\/p>\n<p><strong>NOTE: <\/strong>Cette liste sera mise \u00e0 jour d\u00e8s que possible au fur et \u00e0 mesure que nous modifierons les services sur notre site Web. Toutefois, il peut arriver, lors de ces mises \u00e0 jour, que la liste ne comporte pas de nouveau \u00ab cookie \u00bb dont la finalit\u00e9 sera l\u2019un de ceux mentionn\u00e9s dans cette liste.<\/p>\n<p><\/p>\n<p><\/p>\n<p>Comment configurer ou d\u00e9sactiver vos cookies :<\/p>\n<p><\/p>\n<p><\/p>\n<p>Vous pouvez autoriser, bloquer ou supprimer les \u00ab cookies \u00bb install\u00e9s sur votre appareil en configurant les options de votre navigateur. Si vous ne souhaitez pas autoriser l'installation de \u00ab cookies \u00bb dans votre navigateur, il est possible que l'acc\u00e8s \u00e0 certains services, ainsi que l'exp\u00e9rience de navigation sur notre site Internet, soient moins satisfaisantes.<\/p>\n<p><\/p>\n<p><\/p>\n<p>Nos links seguintes poder\u00e1 encontrar informa\u00e7\u00e3o acerca de como configurar ou desativar \u201ccookies\u201d em cada browser:<\/p>\n<p><\/p>\n<p><\/p>\n<ul class=\"wp-block-list\"><p><\/p>\n<li><a href=\"https:\/\/support.google.com\/chrome\/answer\/95647?hl=en\">Google Chrome<\/a><\/li>\n<p><\/p>\n<p><\/p>\n<li><a href=\"https:\/\/support.mozilla.org\/en-US\/kb\/enable-and-disable-cookies-website-preferences\">Mozilla Firefox<\/a><\/li>\n<p><\/p>\n<p><\/p>\n<li><a href=\"https:\/\/support.microsoft.com\/en-gb\/help\/17442\/windows-internet-explorer-delete-manage-cookies\">Internet Explorer<\/a><\/li>\n<p><\/p>\n<p><\/p>\n<li><a href=\"https:\/\/support.apple.com\/pt-pt\/guide\/safari\/sfri11471\/mac\">Safari<\/a><\/li>\n<p><\/p>\n<p><\/p>\n<li><a href=\"https:\/\/support.apple.com\/en-gb\/HT201265\">Safari pour IOS (iPhone e iPad)<\/a><\/li>\n<p><\/p>\n<p><\/p>\n<li><a href=\"https:\/\/support.google.com\/chrome\/answer\/114662?hl=en&amp;visit_id=1-636446938091631334-671311229&amp;rd=1\">Chrome pour Android<\/a><\/li>\n<p><\/p><\/ul>\n<p><\/p>\n<p><\/p>\n<p>Consentement:<\/p>\n<p><\/p>\n<p><\/p>\n<p>Sur le site Cruz Marques Advogados, nous ne conservons jamais d'informations concernant les donn\u00e9es personnelles de nos utilisateurs \u00e0 l'exception de leur IP et conform\u00e9ment \u00e0 l'explication pr\u00e9c\u00e9dente.<\/p>\n<p><\/p>\n<p><\/p>\n<p>Les utilisateurs peuvent toutefois s'inscrire volontairement, dans le but d'acheter des produits ou des services que nous mettons \u00e0 leur disposition, de participer \u00e0 des promotions ou de recevoir des informations sur des promotions et des contenus qui les int\u00e9ressent.<\/p>\n<p><\/p>\n<p><\/p>\n<p>Ce site utilise des \u00ab cookies \u00bb conform\u00e9ment \u00e0 la politique en vigueur. En poursuivant votre navigation, vous acceptez les conditions d'utilisation contenues dans la pr\u00e9sente Politique de Cookies.<\/p>\n<p><\/p>\t\t\t\t\t\t\t\t<\/div>\n\t\t\t\t<\/div>\n\t\t\t\t\t<\/div>\n\t\t\t\t<\/div>\n\t\t\t\t<\/div>","protected":false},"excerpt":{"rendered":"<p>Como funcionam as cookies? Prop\u00f3sito de cada um dos cookies utilizados: Abaixo detalhamos os \u201ccookies\u201d utilizados no nosso site e o prop\u00f3sito de cada um deles. Rela\u00e7\u00e3o de cookies utilizados no dom\u00ednio cmadvogados.com: Nome _utma Servidor a partir de qual se envia cmadvogados.com Prop\u00f3sito Anal\u00edtica Pr\u00f3prio \/ Terceiros Terceiros Exclu\u00edda \/ N\u00e3o Exclu\u00edda (do direito [&hellip;]<\/p>","protected":false},"author":1,"featured_media":0,"parent":0,"menu_order":0,"comment_status":"closed","ping_status":"open","template":"elementor_header_footer","meta":{"footnotes":""},"class_list":["post-82","page","type-page","status-publish","hentry"],"_links":{"self":[{"href":"https:\/\/cmadvogados.com\/fr\/wp-json\/wp\/v2\/pages\/82","targetHints":{"allow":["GET"]}}],"collection":[{"href":"https:\/\/cmadvogados.com\/fr\/wp-json\/wp\/v2\/pages"}],"about":[{"href":"https:\/\/cmadvogados.com\/fr\/wp-json\/wp\/v2\/types\/page"}],"author":[{"embeddable":true,"href":"https:\/\/cmadvogados.com\/fr\/wp-json\/wp\/v2\/users\/1"}],"replies":[{"embeddable":true,"href":"https:\/\/cmadvogados.com\/fr\/wp-json\/wp\/v2\/comments?post=82"}],"version-history":[{"count":4,"href":"https:\/\/cmadvogados.com\/fr\/wp-json\/wp\/v2\/pages\/82\/revisions"}],"predecessor-version":[{"id":398,"href":"https:\/\/cmadvogados.com\/fr\/wp-json\/wp\/v2\/pages\/82\/revisions\/398"}],"wp:attachment":[{"href":"https:\/\/cmadvogados.com\/fr\/wp-json\/wp\/v2\/media?parent=82"}],"curies":[{"name":"wp","href":"https:\/\/api.w.org\/{rel}","templated":true}]}}