{"id":3,"date":"2023-09-15T09:45:56","date_gmt":"2023-09-15T09:45:56","guid":{"rendered":"https:\/\/cmadvogados.com\/?page_id=3"},"modified":"2023-10-20T14:31:11","modified_gmt":"2023-10-20T14:31:11","slug":"politica-privacidade","status":"publish","type":"page","link":"https:\/\/cmadvogados.com\/fr\/politica-privacidade\/","title":{"rendered":"Politique de Confidentialit\u00e9"},"content":{"rendered":"<div data-elementor-type=\"wp-page\" data-elementor-id=\"3\" class=\"elementor elementor-3\">\n\t\t\t\t<div class=\"elementor-element elementor-element-54c4e778 e-flex e-con-boxed e-con e-parent\" data-id=\"54c4e778\" data-element_type=\"container\">\n\t\t\t\t\t<div class=\"e-con-inner\">\n\t\t\t\t<div class=\"elementor-element elementor-element-492b7347 elementor-widget elementor-widget-text-editor\" data-id=\"492b7347\" data-element_type=\"widget\" data-widget_type=\"text-editor.default\">\n\t\t\t\t<div class=\"elementor-widget-container\">\n\t\t\t\t\t\t\t\t\t<p><\/p>\n<p><strong>Clause de non-responsabilit\u00e9<\/strong><\/p>\n<p><\/p>\n<p><\/p>\n<p>Cruz Marques Advogado \u2013 Avocat \u2013 Avocat n\u2019est pas responsable des manques de v\u00e9racit\u00e9, des d\u00e9fauts de qualit\u00e9, des inexactitudes, des erreurs et des inexactitudes qui pourraient survenir dans le contenu de ce site Web, m\u00eame s\u2019il s\u2019efforcera de les corriger une fois d\u00e9tect\u00e9s. De m\u00eame, Cruz Marques Advogado \u2013 Avocat \u2013 Avocat n\u2019est pas responsable des manques de v\u00e9racit\u00e9, des d\u00e9fauts de qualit\u00e9, des inexactitudes, des erreurs et des inexactitudes qui pourraient survenir dans le contenu d\u2019autres portails ou sites Web, et sur lesquels il n\u2019exerce aucun contr\u00f4le. liens hypertextes, \u00e9galement appel\u00e9s \u00ab<em>hyperliens<\/em>\" ou \"<em>liens<\/em>\u00bb pr\u00e9sent sur ce site.<\/p>\n<p><\/p>\n<p><\/p>\n<p><strong>01. Pr\u00e9sentation<\/strong><\/p>\n<p><\/p>\n<p><\/p>\n<p>Cruz Marques Advogado \u2013 Avocat \u2013 Avocat, dans le cadre de son activit\u00e9, a besoin de collecter des donn\u00e9es personnelles aupr\u00e8s de ses utilisateurs, cependant, il respecte le droit \u00e0 la vie priv\u00e9e et ne collecte aucune information personnelle sans le consentement pr\u00e9alable de ses clients. D'autre part, l'interaction croissante des utilisateurs \u00e0 travers notre site Web n\u00e9cessite \u00e9galement, dans certains cas, la collecte d'informations personnelles aupr\u00e8s de l'utilisateur, ou dans d'autres cas, pour am\u00e9liorer les performances de navigation sur notre site Web, la collecte de donn\u00e9es utilisateur sur votre ordinateur. via de petits fichiers commun\u00e9ment appel\u00e9s cookies.<\/p>\n<p><\/p>\n<p><\/p>\n<p>La politique de confidentialit\u00e9 et de cookies de Cruz Marques Advogado \u2013 Avocat \u2013 Lawyer sert \u00e0 fournir une compr\u00e9hension claire de la mani\u00e8re dont nous collectons, utilisons, partageons et prot\u00e9geons les donn\u00e9es personnelles de nos utilisateurs lorsqu\u2019ils utilisent nos services ou visitent notre site Web.<\/p>\n<p><\/p>\n<p><\/p>\n<p>www.cmadvogados.com est un site Web appartenant \u00e0 Cruz Marques Advogado \u2013 Avocat \u2013 Avocat. En tant qu\u2019utilisateur du site Web, Cruz Marques Advogado \u2013 Avocat \u2013 Lawyer souhaite vous fournir des informations importantes concernant le traitement de vos donn\u00e9es personnelles.<\/p>\n<p><\/p>\n<p><\/p>\n<p>Cruz Marques Advogado \u2013 Avocat \u2013 Avocat ne vend pas les donn\u00e9es personnelles de ses utilisateurs.<\/p>\n<p><\/p>\n<p><\/p>\n<p><strong>Cruz Marques Lawyer \u2013 Avocat \u2013 Avocat ne vend pas les donn\u00e9es personnelles de ses utilisateurs.<\/strong><\/p>\n<p><\/p>\n<p><\/p>\n<p>Lorsque vous acc\u00e9dez \u00e0 notre site Internet, Cruz Marques Advogado \u2013 Avocat \u2013 Avocat, vos donn\u00e9es sont collect\u00e9es afin que vous puissiez utiliser notre site Internet sur Internet ou lorsque vous nous contactez.<\/p>\n<p><\/p>\n<p><\/p>\n<p>Si vous consentez \u00e0 l\u2019envoi de communications marketing, Cruz Marques Advogado \u2013 Avocat \u2013 Lawyer peut vous envoyer des communications informatives, des newsletters, par SMS ou par courrier \u00e9lectronique. A tout moment, vous pouvez annuler votre abonnement. Seules les entit\u00e9s dont la collaboration est indispensable \u00e0 la fourniture du ou des services auxquels vous souscrivez auront acc\u00e8s \u00e0 vos donn\u00e9es personnelles, telles que les entit\u00e9s sous-trait\u00e9es, telles que les soci\u00e9t\u00e9s informatiques, les agences m\u00e9dia et les plateformes d'envoi de communications<\/p>\n<p><\/p>\n<p><\/p>\n<p>Vos donn\u00e9es seront collect\u00e9es et trait\u00e9es par Cruz Marques Advogado \u2013 Avocat \u2013 Avocat, dont le si\u00e8ge social est situ\u00e9 Rua Dr. Manuel Rodrigues, 37 \u2013 1\u00ba, Coimbra, 3000-258 Coimbra, Portugal. Il s'agit du responsable du traitement des donn\u00e9es personnelles en application du r\u00e8glement (UE) 2016\/679 du Parlement europ\u00e9en et du Conseil du 27 avril 2016 (ci-apr\u00e8s RGPD).<\/p>\n<p><\/p>\n<p><\/p>\n<p>Pour toute question relative au traitement de vos donn\u00e9es personnelles, vous pouvez contacter Cruz Marques Advogado \u2013 Avocat \u2013 Lawyer par les moyens suivants :<\/p>\n<p><\/p>\n<p><\/p>\n<p>Lettre recommand\u00e9e : Cruz Marques Advogado \u2013 Avocat \u2013 Avocat, Rua Dr. Manuel Rodrigues, 37 \u2013 1\u00ba, Coimbra, 3000-258 Coimbra, Portugal.<\/p>\n<p><\/p>\n<p><\/p>\n<p>Email: geral@cmadovados.com<\/p>\n<p><\/p>\n<p><\/p>\n<p><strong>03. Traitement et modification<\/strong><\/p>\n<p><\/p>\n<p><\/p>\n<p>En mettant vos donn\u00e9es personnelles \u00e0 la disposition de Cruz Marques Advogado \u2013 Avocat \u2013 Lawyer, l\u2019utilisateur reconna\u00eet et consent \u00e0 leur traitement conform\u00e9ment \u00e0 la pr\u00e9sente Politique de Confidentialit\u00e9 et aux r\u00e8gles et principes contenus dans les termes et conditions respectifs des services utilis\u00e9s. Dans cette mesure, et en ce qui concerne le traitement des donn\u00e9es personnelles, l'utilisateur doit lire la pr\u00e9sente Politique de Confidentialit\u00e9 et Cookies. Nous vous informons que, chaque fois que cela sera n\u00e9cessaire, nous modifierons cette politique de confidentialit\u00e9 et de cookies sans n\u00e9cessiter aucune autorisation pr\u00e9alable.<\/p>\n<p><\/p>\n<p><\/p>\n<p><strong>04. Que sont les donn\u00e9es personnelles ?<\/strong><\/p>\n<p><\/p>\n<p><\/p>\n<p>Il s\u2019agit de toute information, de quelque nature que ce soit et quel que soit son support, relative \u00e0 une personne physique, directement ou indirectement, identifi\u00e9e ou identifiable (personne concern\u00e9e).<\/p>\n<p><\/p>\n<p><\/p>\n<p><strong>05. Quelles donn\u00e9es personnelles sont collect\u00e9es et trait\u00e9es ?<\/strong><\/p>\n<p><\/p>\n<p><\/p>\n<p>Les donn\u00e9es personnelles collect\u00e9es par Cruz Marques Advogado \u2013 Avocat \u2013 Avocat sont limit\u00e9es \u00e0 celles strictement n\u00e9cessaires \u00e0 la finalit\u00e9 du traitement, \u00e0 savoir le nom et l'e-mail, mais d'autres donn\u00e9es n\u00e9cessaires \u00e0 la fourniture de nos services peuvent \u00eatre collect\u00e9es.<\/p>\n<p><\/p>\n<p><\/p>\n<p><strong>06. Quand et dans quel but collectons-nous des donn\u00e9es personnelles ?<\/strong><\/p>\n<p><\/p>\n<p><\/p>\n<p>Les donn\u00e9es personnelles que nous collectons aupr\u00e8s de nos utilisateurs sont demand\u00e9es lors de l'envoi d'un message ou d'un commentaire via le formulaire de contact de notre site Internet. La fourniture de donn\u00e9es incorrectes ou inexactes rel\u00e8ve de la seule responsabilit\u00e9 du client qui les d\u00e9tient.<\/p>\n<p><\/p>\n<p><\/p>\n<p>Marketing ou t\u00e9l\u00e9marketing, Cruz Marques Advogado \u2013 Avocat \u2013 Lawyer peut traiter les donn\u00e9es personnelles collect\u00e9es pour envoyer au titulaire respectif des informations sur les expositions, services ou \u00e9v\u00e9nements promus par elle. Ce traitement de donn\u00e9es personnelles ne sera effectu\u00e9 qu'avec le consentement expr\u00e8s du titulaire, lors de l'inscription \u00e0 notre newsletter. Si vous y consentez, vous recevrez des communications marketing par e-mail, courrier, t\u00e9l\u00e9phone et\/ou SMS. Nous pouvons partager les donn\u00e9es personnelles collect\u00e9es avec des tiers qui g\u00e8rent les r\u00e9seaux sociaux, tels que Facebook, dans le but de r\u00e9aliser des campagnes marketing via les r\u00e9seaux sociaux. Le consentement au traitement des donn\u00e9es personnelles \u00e0 des fins de marketing direct peut \u00eatre r\u00e9voqu\u00e9 \u00e0 tout moment par le titulaire. Les donn\u00e9es personnelles collect\u00e9es \u00e0 cette fin seront conserv\u00e9es pendant 2 ans d'inactivit\u00e9.<\/p>\n<p><\/p>\n<p><\/p>\n<p>Les donn\u00e9es personnelles collect\u00e9es seront \u00e9galement trait\u00e9es pour r\u00e9pondre aux questions, suggestions ou plaintes pr\u00e9sent\u00e9es par le titulaire respectif \u00e0 Cruz Marques Advogado \u2013 Avocat \u2013 Avocat.<\/p>\n<p><\/p>\n<p><\/p>\n<p><strong>07. Sharing or transfer of personal data<\/strong><\/p>\n<p><\/p>\n<p><\/p>\n<p>Cruz Marques Advogado \u2013 Avocat \u2013 Avocat peut recourir \u00e0 des sous-traitants pour tout ou partie des finalit\u00e9s identifi\u00e9es ci-dessus, ainsi que pour la maintenance, l'h\u00e9bergement et la gestion de ses syst\u00e8mes et \u00e9quipements informatiques, dans les conditions permises par la l\u00e9gislation qui r\u00e9glemente le traitement des donn\u00e9es personnelles. donn\u00e9es, ces entit\u00e9s \u00e9tant tenues de garder le secret et de garantir la s\u00e9curit\u00e9 des donn\u00e9es personnelles auxquelles, \u00e0 cet effet, elles ont acc\u00e8s, et ne doivent pas utiliser ces donn\u00e9es \u00e0 d'autres fins, ou pour leur propre b\u00e9n\u00e9fice, ni les relier \u00e0 d'autres donn\u00e9es. qui poss\u00e8dent. Les donn\u00e9es personnelles pourront \u00e9galement \u00eatre mises \u00e0 la disposition des tribunaux et autres autorit\u00e9s comp\u00e9tentes, dans le strict respect des dispositions de la loi. Les donn\u00e9es personnelles collect\u00e9es par Cruz Marques Advogado \u2013 Avocat \u2013 Avocat seront trait\u00e9es uniquement au sein de l\u2019Union europ\u00e9enne.<\/p>\n<p><\/p>\n<p><\/p>\n<p><strong>08. Dur\u00e9e de conservation des donn\u00e9es personnelles<\/strong><\/p>\n<p><\/p>\n<p><\/p>\n<p>Cruz Marques Advogado \u2013 Avocat \u2013 Avocat conserve les donn\u00e9es personnelles pendant les dur\u00e9es de conservation identifi\u00e9es ci-dessus et uniquement pendant la dur\u00e9e n\u00e9cessaire, ou pour respecter les obligations auxquelles elles sont l\u00e9galement soumises. Les p\u00e9riodes de conservation les plus pertinentes que nous d\u00e9finissons aux fins de l'utilisation de vos donn\u00e9es personnelles sont les suivantes : Marketing \u2013 2 ans (plus l'ann\u00e9e en cours) depuis la derni\u00e8re interaction.<\/p>\n<p><\/p>\n<p><\/p>\n<p><strong>09. S\u00e9curit\u00e9 et confidentialit\u00e9 des donn\u00e9es personnelles<\/strong><\/p>\n<p><\/p>\n<p><\/p>\n<p>Cruz Marques Advogado \u2013 Avocat \u2013 Avocat s\u2019engage \u00e0 mettre en \u0153uvre toutes les pr\u00e9cautions n\u00e9cessaires pour pr\u00e9server la confidentialit\u00e9 et la s\u00e9curit\u00e9 des donn\u00e9es personnelles collect\u00e9es et trait\u00e9es. A cet effet, diverses mesures de s\u00e9curit\u00e9 techniques physiques, logiques et organisationnelles ont \u00e9t\u00e9 adopt\u00e9es, notamment en ce qui concerne les syst\u00e8mes d'information, afin de prot\u00e9ger les donn\u00e9es personnelles contre leur diffusion, perte, utilisation abusive, alt\u00e9ration, traitement ou acc\u00e8s non autoris\u00e9, ainsi que contre toute autre forme de traitement illicite.<\/p>\n<p><\/p>\n<p><\/p>\n<p>Cependant, nous ne ma\u00eetrisons pas tous les risques li\u00e9s \u00e0 l'utilisation d'Internet, et nous vous alertons de l'existence d'\u00e9ventuels risques li\u00e9s \u00e0 son utilisation et \u00e0 son fonctionnement, et par cons\u00e9quent, au partage de donn\u00e9es personnelles de cette mani\u00e8re.<\/p>\n<p><\/p>\n<p><\/p>\n<p>N\u00e3o obstante as medidas de seguran\u00e7a adotadas pela Cruz Marques Advogado \u2013 Avocat \u2013 Lawyer, o utilizador dever\u00e1 seguir as pr\u00e1ticas de seguran\u00e7a aconselhadas na utiliza\u00e7\u00e3o da Internet, nomeadamente quanto \u00e0 instala\u00e7\u00e3o e atualiza\u00e7\u00e3o das necess\u00e1rias aplica\u00e7\u00f5es de seguran\u00e7a, nomeadamente, os antiv\u00edrus.<\/p>\n<p><\/p>\n<p><\/p>\n<p><strong>10. Droits du titulaire des donn\u00e9es personnelles<\/strong><\/p>\n<p><\/p>\n<p><\/p>\n<p>Conform\u00e9ment \u00e0 la l\u00e9gislation en vigueur, le titulaire des donn\u00e9es personnelles dispose du droit d'acc\u00e8s et de rectification de ses donn\u00e9es, ainsi que du droit de demander leur suppression, de s'opposer \u00e0 leur traitement et d'obtenir leur limitation ou leur portabilit\u00e9 dans la mesure o\u00f9 cela est applicable.<\/p>\n<p><\/p>\n<p><\/p>\n<p>L'exercice de l'un des droits l\u00e9galement conf\u00e9r\u00e9s, par le titulaire respectif, doit se faire par lettre recommand\u00e9e (ou e-mail) sign\u00e9e par le titulaire et \u00eatre accompagn\u00e9e d'une photocopie d'une pi\u00e8ce d'identit\u00e9 portant la signature du titulaire exer\u00e7ant son droit. .<\/p>\n<p><\/p>\n<p><\/p>\n<p>Les droits conf\u00e9r\u00e9s peuvent \u00eatre exerc\u00e9s par contact direct avec Cruz Marques Advogado \u2013 Avocat \u2013 Avocat par :<\/p>\n<p><\/p>\n<p><\/p>\n<p>Lettre recommand\u00e9e : Cruz Marques Advogado \u2013 Avocat \u2013 Avocat, Rua Dr. Manuel Rodrigues, 37 \u2013 1\u00ba, Coimbra, 3000-258 Coimbra, Portugal.<\/p>\n<p><\/p>\n<p><\/p>\n<p>Email: geral@cmadvogados.com<\/p>\n<p><\/p>\n<p><\/p>\n<p>Le titulaire des donn\u00e9es personnelles doit \u00eatre conscient que, dans certains cas (par exemple en raison d'imp\u00e9ratifs l\u00e9gaux), sa demande peut ne pas \u00eatre imm\u00e9diatement satisfaite. Dans tous les cas, vous serez inform\u00e9 des mesures prises \u00e0 cet \u00e9gard. Le titulaire des donn\u00e9es personnelles peut \u00e9galement retirer son consentement \u00e0 tout moment, le cas \u00e9ch\u00e9ant, via les canaux mis \u00e0 disposition \u00e0 cet effet par Cruz Marques Advogado \u2013 Avocat \u2013 Avocat. Cependant, le retrait du consentement ne compromet pas la lic\u00e9it\u00e9 du traitement effectu\u00e9 sur la base du consentement pr\u00e9alablement donn\u00e9 ni le traitement ult\u00e9rieur des m\u00eames donn\u00e9es, bas\u00e9 sur une autre base juridique, telle que le respect du contrat ou de l'obligation l\u00e9gale \u00e0 laquelle Cruz Marques Avocat \u2013 Avocat \u2013 Avocat est sujet.<\/p>\n<p><\/p>\n<p><\/p>\n<p><strong>11. Droit de d\u00e9poser une plainte<\/strong><\/p>\n<p><\/p>\n<p><\/p>\n<p>Pour toute question relative \u00e0 la collecte et au traitement des donn\u00e9es par Cruz Marques Advogado \u2013 Avocat \u2013 Avocat, le titulaire concern\u00e9 peut contacter par email : geral@cmadvogados.com. Vous pouvez \u00e9galement d\u00e9poser une plainte aupr\u00e8s de la Commission nationale de protection des donn\u00e9es (CNPD), R. de S\u00e3o Bento 148, 1200-031 Lisbonne, concernant la mani\u00e8re dont Cruz Marques Advogado \u2013 Avocat \u2013 Avocat collecte et traite les donn\u00e9es personnelles.<\/p>\n<p><\/p>\n<p><\/p>\n<p><strong>12. Utilisation de cookies<\/strong><\/p>\n<p><\/p>\n<p><\/p>\n<p>Afin de fournir une meilleure exp\u00e9rience utilisateur, Cruz Marques Advogado \u2013 Avocat \u2013 Avocat utilise des cookies sur ce site Web, consid\u00e9rant comme de petits fichiers texte contenant des informations pertinentes que le dispositif d'acc\u00e8s (ordinateur, t\u00e9l\u00e9phone portable\/smartphone ou tablette) charge, \u00e0 travers le navigateur Internet, lorsqu'un site Web est visit\u00e9 par l'utilisateur.<\/p>\n<p><\/p>\n<p><\/p>\n<p>Les cookies utilis\u00e9s par Cruz Marques Advogado \u2013 Avocat \u2013 Avocat am\u00e9liorent les performances et l'exp\u00e9rience de navigation de ses utilisateurs, en augmentant, d'une part, la rapidit\u00e9 et l'efficacit\u00e9 de la r\u00e9ponse et, d'autre part, en \u00e9liminant le besoin de saisir \u00e0 plusieurs reprises les m\u00eames informations.<\/p>\n<p><\/p>\n<p><\/p>\n<p>Le placement de cookies aide non seulement le site Internet \u00e0 reconna\u00eetre l'appareil de l'utilisateur lors de sa prochaine visite, mais il est \u00e9galement essentiel \u00e0 son fonctionnement. Les cookies utilis\u00e9s sur le site Web Cruz Marques Advogado \u2013 Avocat \u2013 Avocat ne collectent pas d'informations personnelles permettant d'identifier l'utilisateur, stockant uniquement des informations g\u00e9n\u00e9riques, \u00e0 savoir la forme ou le lieu\/pays d'acc\u00e8s et la mani\u00e8re dont l'utilisateur utilise le site Web, entre autres. d'autres. .<\/p>\n<p><\/p>\n<p><\/p>\n<p>Les cookies conservent uniquement des informations relatives aux pr\u00e9f\u00e9rences de l'utilisateur et celui-ci peut, \u00e0 tout moment et via son navigateur Internet (navigateur), d\u00e9cider d'\u00eatre averti de la r\u00e9ception de cookies, ainsi que bloquer leur entr\u00e9e dans son syst\u00e8me. Chaque navigateur poss\u00e8de son propre processus de configuration pour cette configuration. Cette d\u00e9marche est consultable dans le menu Aide, qui explique comment param\u00e9trer les pr\u00e9f\u00e9rences en mati\u00e8re de cookies.<\/p>\n<p><\/p>\n<p><\/p>\n<p>Veuillez toutefois noter que le refus de l\u2019utilisation de cookies peut entra\u00eener l\u2019impossibilit\u00e9 d\u2019acc\u00e9der \u00e0 certaines zones du site Internet Cruz Marques Advogado \u2013 Avocat \u2013 Lawyer.<\/p>\n<p><\/p>\n<p><\/p>\n<p><strong>13. Cookies utilis\u00e9s par Cruz Marques Advogado \u2013 Avocat \u2013 Avocat<\/strong><\/p>\n<p><\/p>\n<p><\/p>\n<p>Cruz Marques Advogado \u2013 Avocat \u2013 Avocat utilise diff\u00e9rents types de cookies, comme d\u00e9crit ci-dessous :<\/p>\n<p><\/p>\n<p><\/p>\n<p>i. Cookies essentiels \u2013 certains cookies sont indispensables pour acc\u00e9der \u00e0 des zones sp\u00e9cifiques du site Web Cruz Marques Advogado \u2013 Avocat \u2013 Lawyer, permettant la navigation et l\u2019utilisation de ses applications\/fonctionnalit\u00e9s. Sans ces cookies, les services qui les n\u00e9cessitent ne peuvent pas \u00eatre fournis ;<\/p>\n<p><\/p>\n<p><\/p>\n<p>ii. Cookies de fonctionnalit\u00e9 \u2013 les cookies de fonctionnalit\u00e9 nous permettent de m\u00e9moriser les pr\u00e9f\u00e9rences de l'utilisateur concernant la navigation sur le site Web, sans avoir besoin de le reconfigurer et de le personnaliser \u00e0 chaque visite ;<\/p>\n<p><\/p>\n<p><\/p>\n<p>iii. Cookies analytiques \u2013 Ces cookies sont utilis\u00e9s pour analyser la fa\u00e7on dont l'utilisateur utilise le site Web, vous permettant de mettre en \u00e9vidence des articles ou des services susceptibles de vous int\u00e9resser, et de surveiller les performances du site Web, en sachant quelles pages sont les plus populaires, quelles sont les m\u00e9thode de connexion entre les pages la plus efficace ou pour d\u00e9terminer pourquoi certaines pages re\u00e7oivent des messages d'erreur. Ces cookies sont utilis\u00e9s uniquement \u00e0 des fins de cr\u00e9ation et d'analyse statistiques, sans jamais collecter d'informations personnelles. Ainsi, Cruz Marques Advogado \u2013 Avocat \u2013 Lawyer peut offrir une exp\u00e9rience de haute qualit\u00e9 en personnalisant son offre et en identifiant et corrigeant rapidement les probl\u00e8mes qui surviennent.<\/p>\n<p><\/p>\n<p><\/p>\n<p>Concernant \u00e9galement la validit\u00e9, il existe deux types de cookies :<\/p>\n<p><\/p>\n<p><\/p>\n<p>i. Cookies permanents \u2013 ce sont des cookies qui sont stock\u00e9s sur les dispositifs d'acc\u00e8s (ordinateur, t\u00e9l\u00e9phone portable, smartphone ou tablette), au niveau du navigateur, et qui sont utilis\u00e9s chaque fois que l'utilisateur visite \u00e0 nouveau le site Web de Cruz Marques Advogado \u2013 Avocat \u2013 Avocat. En g\u00e9n\u00e9ral, ils sont utilis\u00e9s pour orienter la navigation en fonction des int\u00e9r\u00eats de l'utilisateur, permettant \u00e0 Cruz Marques Advogado \u2013 Avocat \u2013 Lawyer de fournir un service plus personnalis\u00e9 ;<\/p>\n<p><\/p>\n<p><\/p>\n<p>ii. Cookies de session \u2013 ce sont des cookies temporaires, qui sont g\u00e9n\u00e9r\u00e9s et sont disponibles jusqu'\u00e0 la fin de la session. La prochaine fois que l'utilisateur acc\u00e9dera \u00e0 son navigateur Internet, les cookies ne seront plus stock\u00e9s. Les informations obtenues vous permettent de g\u00e9rer les sessions, d'identifier les probl\u00e8mes et d'offrir une meilleure exp\u00e9rience de navigation.<\/p>\n<p><\/p>\n<p><\/p>\n<p>Cruz Marques Advogado \u2013 Avocat \u2013 Avocat peut \u00e9galement utiliser des cookies lors de l\u2019ouverture des newsletters\/e-mails, \u00e0 des fins statistiques, et qui nous permettent de savoir s\u2019ils sont ouverts et de v\u00e9rifier les clics gr\u00e2ce \u00e0 des liens ou des publicit\u00e9s contenus dans la newsletter. L'utilisateur a toujours la possibilit\u00e9 de d\u00e9sactiver l'envoi de newsletters\/e-mails via l'option sp\u00e9cifique pr\u00e9sente dans son pied de page. Nous pr\u00e9sentons <a href=\"https:\/\/cmadvogados.com\/fr\/politica-cookies\/\"><strong><em>cette page<\/em><\/strong><\/a> un tableau r\u00e9capitulatif des principaux cookies utilis\u00e9s sur ce site, ainsi que leur finalit\u00e9 et leur gestion respective.<\/p>\n<p><\/p>\t\t\t\t\t\t\t\t<\/div>\n\t\t\t\t<\/div>\n\t\t\t\t\t<\/div>\n\t\t\t\t<\/div>\n\t\t\t\t<\/div>","protected":false},"excerpt":{"rendered":"<p>Declara\u00e7\u00e3o de exonera\u00e7\u00e3o de responsabilidade A Cruz Marques Advogado &#8211; Avocat &#8211; Lawyer n\u00e3o se responsabiliza por faltas de veracidade, falhas de qualidade, incorre\u00e7\u00f5es, erros e imprecis\u00f5es que possam verificar-se em conte\u00fados deste seu website, muito embora fa\u00e7a todos os esfor\u00e7os para os corrigir, quando detetados. De igual modo, a Cruz Marques Advogado &#8211; Avocat [&hellip;]<\/p>","protected":false},"author":1,"featured_media":0,"parent":0,"menu_order":0,"comment_status":"closed","ping_status":"closed","template":"elementor_header_footer","meta":{"footnotes":""},"class_list":["post-3","page","type-page","status-publish","hentry"],"_links":{"self":[{"href":"https:\/\/cmadvogados.com\/fr\/wp-json\/wp\/v2\/pages\/3","targetHints":{"allow":["GET"]}}],"collection":[{"href":"https:\/\/cmadvogados.com\/fr\/wp-json\/wp\/v2\/pages"}],"about":[{"href":"https:\/\/cmadvogados.com\/fr\/wp-json\/wp\/v2\/types\/page"}],"author":[{"embeddable":true,"href":"https:\/\/cmadvogados.com\/fr\/wp-json\/wp\/v2\/users\/1"}],"replies":[{"embeddable":true,"href":"https:\/\/cmadvogados.com\/fr\/wp-json\/wp\/v2\/comments?post=3"}],"version-history":[{"count":7,"href":"https:\/\/cmadvogados.com\/fr\/wp-json\/wp\/v2\/pages\/3\/revisions"}],"predecessor-version":[{"id":519,"href":"https:\/\/cmadvogados.com\/fr\/wp-json\/wp\/v2\/pages\/3\/revisions\/519"}],"wp:attachment":[{"href":"https:\/\/cmadvogados.com\/fr\/wp-json\/wp\/v2\/media?parent=3"}],"curies":[{"name":"wp","href":"https:\/\/api.w.org\/{rel}","templated":true}]}}