{"id":82,"date":"2022-05-05T02:17:13","date_gmt":"2022-05-05T02:17:13","guid":{"rendered":"https:\/\/demo.flawlessthemes.com\/lawyerfirm\/?page_id=3"},"modified":"2023-10-18T16:57:54","modified_gmt":"2023-10-18T16:57:54","slug":"politica-cookies","status":"publish","type":"page","link":"https:\/\/cmadvogados.com\/en\/politica-cookies\/","title":{"rendered":"Cookie Policy"},"content":{"rendered":"<div data-elementor-type=\"wp-page\" data-elementor-id=\"82\" class=\"elementor elementor-82\">\n\t\t\t\t<div class=\"elementor-element elementor-element-793d1e06 e-flex e-con-boxed e-con e-parent\" data-id=\"793d1e06\" data-element_type=\"container\">\n\t\t\t\t\t<div class=\"e-con-inner\">\n\t\t\t\t<div class=\"elementor-element elementor-element-502aec6a elementor-widget elementor-widget-text-editor\" data-id=\"502aec6a\" data-element_type=\"widget\" data-widget_type=\"text-editor.default\">\n\t\t\t\t<div class=\"elementor-widget-container\">\n\t\t\t\t\t\t\t\t\t<p><\/p>\n<p>How do cookies work?<\/p>\n<p><\/p>\n<p><\/p>\n<p>Purpose of each of the cookies used:<\/p>\n<p><\/p>\n<p><\/p>\n<p>Below we detail the \u201ccookies\u201d used on our website and the purpose of each one.<\/p>\n<p><\/p>\n<p><\/p>\n<p>List of cookies used in the cmadvogados.com domain:<\/p>\n<p><\/p>\n<p><\/p>\n<p><strong>Name <\/strong>_utma<\/p>\n<p><\/p>\n<p><\/p>\n<p><strong>Server from which it is sent <\/strong>cmadvogados.com<\/p>\n<p><\/p>\n<p><\/p>\n<p><strong>Purpose <\/strong>Analytics<\/p>\n<p><\/p>\n<p><\/p>\n<p><strong>Own<\/strong> <strong>\/ The 3rd <\/strong>The 3rd<\/p>\n<p><\/p>\n<p><\/p>\n<p><strong>Deleted \/ Not Deleted<\/strong> <strong>(right to information and consent) <\/strong>No<\/p>\n<p><\/p>\n<p><\/p>\n<p><strong>Name <\/strong>_utmz<\/p>\n<p><\/p>\n<p><\/p>\n<p><strong>Server from which it is sent <\/strong>cmadvogados.com<\/p>\n<p><\/p>\n<p><\/p>\n<p><strong>Purpose <\/strong>Analytics<\/p>\n<p><\/p>\n<p><\/p>\n<p><strong>Own<\/strong> <strong>\/ The 3rd <\/strong>The 3rd<\/p>\n<p><\/p>\n<p><\/p>\n<p><strong>Deleted \/ Not Deleted<\/strong> <strong>(right to information and consent) <\/strong>No<\/p>\n<p><\/p>\n<p><\/p>\n<p><strong>Name <\/strong>_ga<\/p>\n<p><\/p>\n<p><\/p>\n<p><strong>Server from which it is sent <\/strong>cmadvogados.com<\/p>\n<p><\/p>\n<p><\/p>\n<p><strong>Purpose <\/strong>Analytics<\/p>\n<p><\/p>\n<p><\/p>\n<p><strong>Own<\/strong> <strong>\/ The 3rd <\/strong>The 3rd<\/p>\n<p><\/p>\n<p><\/p>\n<p><strong>Deleted \/ Not Deleted<\/strong> <strong>(right to information and consent) <\/strong>No<\/p>\n<p><\/p>\n<p><\/p>\n<p><strong>Name <\/strong>Tracking | Language | PHPSESSID<\/p>\n<p><\/p>\n<p><\/p>\n<p><strong>Server from which it is sent <\/strong>cmadvogados.com<\/p>\n<p><\/p>\n<p><\/p>\n<p><strong>Purpose <\/strong>These cookies contain information about the language of the website as a whole and help to improve the user experience. No personal information is stored in these cookies.<\/p>\n<p><\/p>\n<p><\/p>\n<p><strong>Own<\/strong> <strong>\/ The 3rd <\/strong>Own<\/p>\n<p><\/p>\n<p><\/p>\n<p><strong>Deleted \/ Not Deleted<\/strong> <strong>(right to information and consent) <\/strong>No<\/p>\n<p><\/p>\n<p><\/p>\n<p><strong>NOTE: <\/strong>This list will be updated as soon as possible as we change the services on our website. However, occasionally, during these updates, the list may not include a new \u201ccookie\u201d, the purpose of which will be one of those referred to in this list.<\/p>\n<p><\/p>\n<p><\/p>\n<p>How to configure or disable your cookies:<\/p>\n<p><\/p>\n<p><\/p>\n<p>You can allow, block or delete the \u201ccookies\u201d installed on your device by configuring your browser options. If you do not wish to allow the installation of \u201ccookies\u201d in your browser, it is possible that access to some services, as well as the browsing experience on our website, will be less satisfactory.<\/p>\n<p><\/p>\n<p><\/p>\n<p>In the following links you can find information on how to configure or disable \u201ccookies\u201d in each browser:<\/p>\n<p><\/p>\n<p><\/p>\n<ul class=\"wp-block-list\"><p><\/p>\n<li><a href=\"https:\/\/support.google.com\/chrome\/answer\/95647?hl=en\">Google Chrome<\/a><\/li>\n<p><\/p>\n<p><\/p>\n<li><a href=\"https:\/\/support.mozilla.org\/en-US\/kb\/enable-and-disable-cookies-website-preferences\">Mozilla Firefox<\/a><\/li>\n<p><\/p>\n<p><\/p>\n<li><a href=\"https:\/\/support.microsoft.com\/en-gb\/help\/17442\/windows-internet-explorer-delete-manage-cookies\">Internet Explorer<\/a><\/li>\n<p><\/p>\n<p><\/p>\n<li><a href=\"https:\/\/support.apple.com\/pt-pt\/guide\/safari\/sfri11471\/mac\">Safari<\/a><\/li>\n<p><\/p>\n<p><\/p>\n<li><a href=\"https:\/\/support.apple.com\/en-gb\/HT201265\">Safari forIOS (iPhone e iPad)<\/a><\/li>\n<p><\/p>\n<p><\/p>\n<li><a href=\"https:\/\/support.google.com\/chrome\/answer\/114662?hl=en&amp;visit_id=1-636446938091631334-671311229&amp;rd=1\">Chrome for Android<\/a><\/li>\n<p><\/p><\/ul>\n<p><\/p>\n<p><\/p>\n<p>Consent:<\/p>\n<p><\/p>\n<p><\/p>\n<p>On the Cruz Marques Advogados website we never retain information regarding the personal data of our users with the exception of their IP and in accordance with the previous explanation.<\/p>\n<p><\/p>\n<p><\/p>\n<p>Users may, however, register voluntarily, with the aim of purchasing products or services that we make available to them, to participate in promotions or to receive information about promotions and content of interest to them.<\/p>\n<p><\/p>\n<p><\/p>\n<p>This website uses \u201ccookies\u201d in accordance with the current policy. By continuing to browse, you accept the conditions of use contained in this Cookies Policy.<\/p>\n<p><\/p>\t\t\t\t\t\t\t\t<\/div>\n\t\t\t\t<\/div>\n\t\t\t\t\t<\/div>\n\t\t\t\t<\/div>\n\t\t\t\t<\/div>","protected":false},"excerpt":{"rendered":"<p>Como funcionam as cookies? Prop\u00f3sito de cada um dos cookies utilizados: Abaixo detalhamos os \u201ccookies\u201d utilizados no nosso site e o prop\u00f3sito de cada um deles. Rela\u00e7\u00e3o de cookies utilizados no dom\u00ednio cmadvogados.com: Nome _utma Servidor a partir de qual se envia cmadvogados.com Prop\u00f3sito Anal\u00edtica Pr\u00f3prio \/ Terceiros Terceiros Exclu\u00edda \/ N\u00e3o Exclu\u00edda (do direito [&hellip;]<\/p>","protected":false},"author":1,"featured_media":0,"parent":0,"menu_order":0,"comment_status":"closed","ping_status":"open","template":"elementor_header_footer","meta":{"footnotes":""},"class_list":["post-82","page","type-page","status-publish","hentry"],"_links":{"self":[{"href":"https:\/\/cmadvogados.com\/en\/wp-json\/wp\/v2\/pages\/82","targetHints":{"allow":["GET"]}}],"collection":[{"href":"https:\/\/cmadvogados.com\/en\/wp-json\/wp\/v2\/pages"}],"about":[{"href":"https:\/\/cmadvogados.com\/en\/wp-json\/wp\/v2\/types\/page"}],"author":[{"embeddable":true,"href":"https:\/\/cmadvogados.com\/en\/wp-json\/wp\/v2\/users\/1"}],"replies":[{"embeddable":true,"href":"https:\/\/cmadvogados.com\/en\/wp-json\/wp\/v2\/comments?post=82"}],"version-history":[{"count":4,"href":"https:\/\/cmadvogados.com\/en\/wp-json\/wp\/v2\/pages\/82\/revisions"}],"predecessor-version":[{"id":398,"href":"https:\/\/cmadvogados.com\/en\/wp-json\/wp\/v2\/pages\/82\/revisions\/398"}],"wp:attachment":[{"href":"https:\/\/cmadvogados.com\/en\/wp-json\/wp\/v2\/media?parent=82"}],"curies":[{"name":"wp","href":"https:\/\/api.w.org\/{rel}","templated":true}]}}